{"id":1041,"date":"2024-09-15T12:41:28","date_gmt":"2024-09-15T10:41:28","guid":{"rendered":"https:\/\/casalihostel.it\/noticias\/"},"modified":"2026-02-26T07:08:00","modified_gmt":"2026-02-26T06:08:00","slug":"noticias","status":"publish","type":"page","link":"https:\/\/casalihostel.it\/es\/noticias\/","title":{"rendered":"Noticias"},"content":{"rendered":"<style>.elementor-1041 .elementor-element.elementor-element-57af86 > .elementor-container{max-width:1200px;}.elementor-1041 .elementor-element.elementor-element-57af86:not(.elementor-motion-effects-element-type-background), .elementor-1041 .elementor-element.elementor-element-57af86 > .elementor-motion-effects-container > .elementor-motion-effects-layer{background-image:url(\"https:\/\/casalihostel.it\/wp-content\/uploads\/2024\/05\/AdobeStock_224835300-scaled.jpeg\");background-position:0px -53px;background-repeat:no-repeat;background-size:cover;}.elementor-1041 .elementor-element.elementor-element-57af86 > .elementor-background-overlay{background-color:var( --e-global-color-text );opacity:0.5;transition:background 0.3s, border-radius 0.3s, opacity 0.3s;}.elementor-1041 .elementor-element.elementor-element-57af86{transition:background 0.3s, border 0.3s, border-radius 0.3s, box-shadow 0.3s;padding:10em 1em 10em 1em;}.elementor-1041 .elementor-element.elementor-element-e02a2d0.elementor-column > .elementor-widget-wrap{justify-content:flex-end;}.elementor-1041 .elementor-element.elementor-element-7cf6b00f{text-align:center;width:auto;max-width:auto;}.elementor-1041 .elementor-element.elementor-element-7cf6b00f .elementor-heading-title{font-family:var( --e-global-typography-5d167aa-font-family ), Sans-serif;font-size:var( --e-global-typography-5d167aa-font-size );font-weight:var( --e-global-typography-5d167aa-font-weight );line-height:var( --e-global-typography-5d167aa-line-height );letter-spacing:var( --e-global-typography-5d167aa-letter-spacing );word-spacing:var( --e-global-typography-5d167aa-word-spacing );color:var( --e-global-color-a185853 );}.elementor-1041 .elementor-element.elementor-element-7cf6b00f > .elementor-widget-container{padding:0px 10px 0px 0px;border-style:solid;border-width:0px 10px 0px 0px;border-color:var( --e-global-color-dea41e4 );}.elementor-1041 .elementor-element.elementor-element-a34e842{--display:flex;--overlay-opacity:0.5;}.elementor-1041 .elementor-element.elementor-element-a34e842::before, .elementor-1041 .elementor-element.elementor-element-a34e842 > .elementor-background-video-container::before, .elementor-1041 .elementor-element.elementor-element-a34e842 > .e-con-inner > .elementor-background-video-container::before, .elementor-1041 .elementor-element.elementor-element-a34e842 > .elementor-background-slideshow::before, .elementor-1041 .elementor-element.elementor-element-a34e842 > .e-con-inner > .elementor-background-slideshow::before, .elementor-1041 .elementor-element.elementor-element-a34e842 > .elementor-motion-effects-container > .elementor-motion-effects-layer::before{--background-overlay:'';background-image:url(\"https:\/\/casalihostel.it\/wp-content\/uploads\/2025\/02\/Creativity3.png\");}.elementor-1041 .elementor-element.elementor-element-80dc7dd .elementskit-blog-block-post > .row{align-items:flex-start;}.elementor-1041 .elementor-element.elementor-element-80dc7dd .post-meta-list{text-align:left;}.elementor-1041 .elementor-element.elementor-element-80dc7dd .elementskit-post-body .entry-title{text-align:left;}.elementor-1041 .elementor-element.elementor-element-80dc7dd .elementskit-entry-header .entry-title{text-align:left;}.elementor-1041 .elementor-element.elementor-element-80dc7dd .elementskit-post-footer{text-align:left;}.elementor-1041 .elementor-element.elementor-element-80dc7dd .elementskit-post-body > p{text-align:left;}@media(max-width:1024px){.elementor-1041 .elementor-element.elementor-element-57af86:not(.elementor-motion-effects-element-type-background), .elementor-1041 .elementor-element.elementor-element-57af86 > .elementor-motion-effects-container > .elementor-motion-effects-layer{background-position:0px 11%;}.elementor-1041 .elementor-element.elementor-element-57af86{padding:7em 1em 7em 1em;}.elementor-1041 .elementor-element.elementor-element-e02a2d0 > .elementor-element-populated{padding:1em 2em 1em 2em;}.elementor-1041 .elementor-element.elementor-element-7cf6b00f .elementor-heading-title{font-size:var( --e-global-typography-5d167aa-font-size );line-height:var( --e-global-typography-5d167aa-line-height );letter-spacing:var( --e-global-typography-5d167aa-letter-spacing );word-spacing:var( --e-global-typography-5d167aa-word-spacing );}.elementor-1041 .elementor-element.elementor-element-7cf6b00f > .elementor-widget-container{border-width:0px 7px 0px 0px;}.elementor-1041 .elementor-element.elementor-element-80dc7dd .elementskit-blog-block-post, .elementor-1041 .elementor-element.elementor-element-80dc7dd .elementskit-post-image-card, .elementor-1041 .elementor-element.elementor-element-80dc7dd .elementskit-post-card{margin:0px 0px 30px 0px;}}@media(max-width:767px){.elementor-1041 .elementor-element.elementor-element-57af86:not(.elementor-motion-effects-element-type-background), .elementor-1041 .elementor-element.elementor-element-57af86 > .elementor-motion-effects-container > .elementor-motion-effects-layer{background-position:0px 0%;}.elementor-1041 .elementor-element.elementor-element-e02a2d0 > .elementor-element-populated{padding:1em 1em 1em 1em;}.elementor-1041 .elementor-element.elementor-element-7cf6b00f .elementor-heading-title{font-size:var( --e-global-typography-5d167aa-font-size );line-height:var( --e-global-typography-5d167aa-line-height );letter-spacing:var( --e-global-typography-5d167aa-letter-spacing );word-spacing:var( --e-global-typography-5d167aa-word-spacing );}.elementor-1041 .elementor-element.elementor-element-80dc7dd .elementskit-blog-block-post, .elementor-1041 .elementor-element.elementor-element-80dc7dd .elementskit-post-image-card, .elementor-1041 .elementor-element.elementor-element-80dc7dd .elementskit-post-card{margin:0px 0px 30px 0px;}}<\/style>\t\t<div data-elementor-type=\"wp-page\" data-elementor-id=\"1041\" class=\"elementor elementor-1041 elementor-431\" data-elementor-post-type=\"page\">\n\t\t\t\t\t\t<section class=\"elementor-section elementor-top-section elementor-element elementor-element-57af86 elementor-section-boxed elementor-section-height-default elementor-section-height-default\" data-id=\"57af86\" data-element_type=\"section\" data-e-type=\"section\" data-settings=\"{&quot;background_background&quot;:&quot;classic&quot;}\">\n\t\t\t\t\t\t\t<div class=\"elementor-background-overlay\"><\/div>\n\t\t\t\t\t\t\t<div class=\"elementor-container elementor-column-gap-default\">\n\t\t\t\t\t<div class=\"elementor-column elementor-col-100 elementor-top-column elementor-element elementor-element-e02a2d0\" data-id=\"e02a2d0\" data-element_type=\"column\" data-e-type=\"column\">\n\t\t\t<div class=\"elementor-widget-wrap elementor-element-populated\">\n\t\t\t\t\t\t<div class=\"elementor-element elementor-element-7cf6b00f elementor-widget__width-auto elementor-invisible elementor-widget elementor-widget-heading\" data-id=\"7cf6b00f\" data-element_type=\"widget\" data-e-type=\"widget\" data-settings=\"{&quot;_animation&quot;:&quot;fadeInLeft&quot;}\" data-widget_type=\"heading.default\">\n\t\t\t\t<div class=\"elementor-widget-container\">\n\t\t\t\t\t<h2 class=\"elementor-heading-title elementor-size-default\">News &amp; Blog<\/h2>\t\t\t\t<\/div>\n\t\t\t\t<\/div>\n\t\t\t\t\t<\/div>\n\t\t<\/div>\n\t\t\t\t\t<\/div>\n\t\t<\/section>\n\t\t<div class=\"elementor-element elementor-element-a34e842 e-flex e-con-boxed e-con e-parent\" data-id=\"a34e842\" data-element_type=\"container\" data-e-type=\"container\">\n\t\t\t\t\t<div class=\"e-con-inner\">\n\t\t\t\t<div class=\"elementor-element elementor-element-80dc7dd elementor-widget elementor-widget-elementskit-blog-posts\" data-id=\"80dc7dd\" data-element_type=\"widget\" data-e-type=\"widget\" data-widget_type=\"elementskit-blog-posts.default\">\n\t\t\t\t<div class=\"elementor-widget-container\">\n\t\t\t\t\t<div class=\"ekit-wid-con\" >        <div id=\"post-items--80dc7dd\" class=\"row post-items\">\n                    <div class=\"col-md-12\">\n\n                                    <div class=\"elementskit-blog-block-post\">\n                        <div class=\"row no-gutters\">\n                                                            <div class=\"col-md-6 order-1\">\n                                    <a href=\"https:\/\/casalihostel.it\/es\/descubre-la-gastronomia-de-trieste-un-viaje-entre-sabores-y-tradiciones\/\" class=\"elementskit-entry-thumb\">\n                                        <img decoding=\"async\" src=\"https:\/\/casalihostel.it\/wp-content\/uploads\/2024\/09\/AdobeStock_41512573-682x1024.jpeg\" alt=\"Descubre la Gastronom\u00eda de Trieste: Un viaje entre sabores y tradiciones\">\n                                    <\/a><!-- .elementskit-entry-thumb END -->\n                                <\/div>\n                            \n                            <div class=\"col-md-6 order-2\">\n                                <div class=\"elementskit-post-body \">\n                                    <div class=\"elementskit-entry-header\">\n                                        \n                                                                                            \t\t\t\t\t                                            \n                                            \n                                                                                            \t\t\t\t<h2 class=\"entry-title\">\n\t\t\t\t\t<a href=\"https:\/\/casalihostel.it\/es\/descubre-la-gastronomia-de-trieste-un-viaje-entre-sabores-y-tradiciones\/\">\n\t\t\t\t\t\tDescubre la Gastronom\u00eda de Trieste: Un viaje entre sabores y tradiciones\t\t\t\t\t<\/a>\n\t\t\t\t<\/h2>\n\t\t\t                                                                                <\/div><!-- .elementskit-entry-header END -->\n\n                                                                            <div class=\"elementskit-post-footer\">\n                                                                                            <p>La cocina de Trieste es una fascinante mezcla de influencias italianas, austroh\u00fangaras y eslavas, lo que la hace \u00fanica en comparaci\u00f3n con otras regiones de Italia. Aqu\u00ed podr\u00e1s saborear platos que reflejan la posici\u00f3n hist\u00f3rica y geogr\u00e1fica de la ciudad, un verdadero cruce de culturas y tradiciones. Uno de los platos emblem\u00e1ticos de Trieste es [&hellip;]<\/p>\n                                                                                                                                <\/div><!-- .elementskit-post-footer END -->\n                                                                    <\/div><!-- .elementskit-post-body END -->\n                            <\/div>\n                        <\/div>\n                    <\/div><!-- .elementskit-blog-block-post .radius .gradient-bg END -->\n                \n            <\/div>\n                    <div class=\"col-md-12\">\n\n                                    <div class=\"elementskit-blog-block-post\">\n                        <div class=\"row no-gutters\">\n                                                            <div class=\"col-md-6 order-1\">\n                                    <a href=\"https:\/\/casalihostel.it\/es\/descubre-el-castillo-de-miramare\/\" class=\"elementskit-entry-thumb\">\n                                        <img decoding=\"async\" src=\"https:\/\/casalihostel.it\/wp-content\/uploads\/2024\/05\/AdobeStock_624550798-1024x707.jpeg\" alt=\"Descubre el Castillo de Miramare\">\n                                    <\/a><!-- .elementskit-entry-thumb END -->\n                                <\/div>\n                            \n                            <div class=\"col-md-6 order-2\">\n                                <div class=\"elementskit-post-body \">\n                                    <div class=\"elementskit-entry-header\">\n                                        \n                                                                                            \t\t\t\t\t                                            \n                                            \n                                                                                            \t\t\t\t<h2 class=\"entry-title\">\n\t\t\t\t\t<a href=\"https:\/\/casalihostel.it\/es\/descubre-el-castillo-de-miramare\/\">\n\t\t\t\t\t\tDescubre el Castillo de Miramare\t\t\t\t\t<\/a>\n\t\t\t\t<\/h2>\n\t\t\t                                                                                <\/div><!-- .elementskit-entry-header END -->\n\n                                                                            <div class=\"elementskit-post-footer\">\n                                                                                            <p>Una de las primeras paradas imprescindibles en Trieste es el magn\u00edfico Castillo de Miramare. Situado a pocos kil\u00f3metros del centro, se asoma directamente al Golfo de Trieste, ofreciendo unas vistas impresionantes del mar Adri\u00e1tico. Este castillo, construido entre 1856 y 1860 por encargo del archiduque Fernando Maximiliano de Habsburgo, es un ejemplo de arquitectura neog\u00f3tica [&hellip;]<\/p>\n                                                                                                                                <\/div><!-- .elementskit-post-footer END -->\n                                                                    <\/div><!-- .elementskit-post-body END -->\n                            <\/div>\n                        <\/div>\n                    <\/div><!-- .elementskit-blog-block-post .radius .gradient-bg END -->\n                \n            <\/div>\n                    <div class=\"col-md-12\">\n\n                                    <div class=\"elementskit-blog-block-post\">\n                        <div class=\"row no-gutters\">\n                                                            <div class=\"col-md-6 order-1\">\n                                    <a href=\"https:\/\/casalihostel.it\/es\/pasea-por-la-piazza-unita-ditalia\/\" class=\"elementskit-entry-thumb\">\n                                        <img decoding=\"async\" src=\"https:\/\/casalihostel.it\/wp-content\/uploads\/2024\/05\/AdobeStock_224835300-1024x684.jpeg\" alt=\"Pasea por la Piazza Unit\u00e0 d&#8217;Italia\">\n                                    <\/a><!-- .elementskit-entry-thumb END -->\n                                <\/div>\n                            \n                            <div class=\"col-md-6 order-2\">\n                                <div class=\"elementskit-post-body \">\n                                    <div class=\"elementskit-entry-header\">\n                                        \n                                                                                            \t\t\t\t\t                                            \n                                            \n                                                                                            \t\t\t\t<h2 class=\"entry-title\">\n\t\t\t\t\t<a href=\"https:\/\/casalihostel.it\/es\/pasea-por-la-piazza-unita-ditalia\/\">\n\t\t\t\t\t\tPasea por la Piazza Unit\u00e0 d&#8217;Italia\t\t\t\t\t<\/a>\n\t\t\t\t<\/h2>\n\t\t\t                                                                                <\/div><!-- .elementskit-entry-header END -->\n\n                                                                            <div class=\"elementskit-post-footer\">\n                                                                                            <p>El coraz\u00f3n palpitante de Trieste es, sin duda, la Piazza Unit\u00e0 d&#8217;Italia, una de las plazas m\u00e1s grandes de Europa abiertas al mar. Rodeada de elegantes edificios hist\u00f3ricos, es el lugar ideal para sumergirse en la belleza arquitect\u00f3nica y la historia de la ciudad. Entre los palacios que adornan la plaza, destacan el Ayuntamiento (Palazzo [&hellip;]<\/p>\n                                                                                                                                <\/div><!-- .elementskit-post-footer END -->\n                                                                    <\/div><!-- .elementskit-post-body END -->\n                            <\/div>\n                        <\/div>\n                    <\/div><!-- .elementskit-blog-block-post .radius .gradient-bg END -->\n                \n            <\/div>\n                    <div class=\"col-md-12\">\n\n                                    <div class=\"elementskit-blog-block-post\">\n                        <div class=\"row no-gutters\">\n                                                            <div class=\"col-md-6 order-1\">\n                                    <a href=\"https:\/\/casalihostel.it\/es\/visita-el-museo-revoltella\/\" class=\"elementskit-entry-thumb\">\n                                        <img decoding=\"async\" src=\"https:\/\/casalihostel.it\/wp-content\/uploads\/2024\/05\/AdobeStock_624550798-1024x707.jpeg\" alt=\"Visita el Museo Revoltella\">\n                                    <\/a><!-- .elementskit-entry-thumb END -->\n                                <\/div>\n                            \n                            <div class=\"col-md-6 order-2\">\n                                <div class=\"elementskit-post-body \">\n                                    <div class=\"elementskit-entry-header\">\n                                        \n                                                                                            \t\t\t\t\t                                            \n                                            \n                                                                                            \t\t\t\t<h2 class=\"entry-title\">\n\t\t\t\t\t<a href=\"https:\/\/casalihostel.it\/es\/visita-el-museo-revoltella\/\">\n\t\t\t\t\t\tVisita el Museo Revoltella\t\t\t\t\t<\/a>\n\t\t\t\t<\/h2>\n\t\t\t                                                                                <\/div><!-- .elementskit-entry-header END -->\n\n                                                                            <div class=\"elementskit-post-footer\">\n                                                                                            <p>Para los amantes del arte, una visita al Museo Revoltella es algo que no te puedes perder. Fundado en 1872 por voluntad del bar\u00f3n Pasquale Revoltella, es uno de los museos m\u00e1s importantes de Trieste y alberga una rica colecci\u00f3n de arte moderno y contempor\u00e1neo. El museo se distribuye en varias plantas y cuenta con [&hellip;]<\/p>\n                                                                                                                                <\/div><!-- .elementskit-post-footer END -->\n                                                                    <\/div><!-- .elementskit-post-body END -->\n                            <\/div>\n                        <\/div>\n                    <\/div><!-- .elementskit-blog-block-post .radius .gradient-bg END -->\n                \n            <\/div>\n                <\/div>\n       <\/div>\t\t\t\t<\/div>\n\t\t\t\t<\/div>\n\t\t\t\t\t<\/div>\n\t\t\t\t<\/div>\n\t\t\t\t<\/div>\n\t\t","protected":false},"excerpt":{"rendered":"<p>News &amp; Blog Scoprire la Cucina di Trieste: Un Viaggio tra Sapori e Tradizioni La cucina di Trieste \u00e8 un affascinante intreccio di influenze italiane, austro-ungariche e slave, che la rende unica rispetto ad altre regioni d\u2019Italia. Qui potrai assaporare piatti che riflettono la posizione storica e geografica della citt\u00e0, crocevia di culture e tradizioni. [&hellip;]<\/p>\n","protected":false},"author":1,"featured_media":0,"parent":0,"menu_order":0,"comment_status":"closed","ping_status":"closed","template":"","meta":{"footnotes":""},"class_list":["post-1041","page","type-page","status-publish","hentry"],"_links":{"self":[{"href":"https:\/\/casalihostel.it\/es\/wp-json\/wp\/v2\/pages\/1041","targetHints":{"allow":["GET"]}}],"collection":[{"href":"https:\/\/casalihostel.it\/es\/wp-json\/wp\/v2\/pages"}],"about":[{"href":"https:\/\/casalihostel.it\/es\/wp-json\/wp\/v2\/types\/page"}],"author":[{"embeddable":true,"href":"https:\/\/casalihostel.it\/es\/wp-json\/wp\/v2\/users\/1"}],"replies":[{"embeddable":true,"href":"https:\/\/casalihostel.it\/es\/wp-json\/wp\/v2\/comments?post=1041"}],"version-history":[{"count":2,"href":"https:\/\/casalihostel.it\/es\/wp-json\/wp\/v2\/pages\/1041\/revisions"}],"predecessor-version":[{"id":1127,"href":"https:\/\/casalihostel.it\/es\/wp-json\/wp\/v2\/pages\/1041\/revisions\/1127"}],"wp:attachment":[{"href":"https:\/\/casalihostel.it\/es\/wp-json\/wp\/v2\/media?parent=1041"}],"curies":[{"name":"wp","href":"https:\/\/api.w.org\/{rel}","templated":true}]}}